{"id":61,"date":"2020-01-23T18:21:52","date_gmt":"2020-01-23T18:21:52","guid":{"rendered":"https:\/\/demosites.io\/marketing-agency-gb\/?page_id=61"},"modified":"2025-05-08T09:23:12","modified_gmt":"2025-05-08T09:23:12","slug":"ueberuns","status":"publish","type":"page","link":"https:\/\/chnopfdruck.ch\/index.php\/ueberuns\/","title":{"rendered":"\u00dcber uns"},"content":{"rendered":"\n<p><\/p>\n\n\n\n<p><\/p>\n\n\n\n<div class=\"wp-block-cover alignfull\" style=\"min-height:320px;aspect-ratio:unset;\"><span aria-hidden=\"true\" class=\"wp-block-cover__background has-nv-site-bg-background-color has-background-dim-100 has-background-dim\"><\/span><div class=\"wp-block-cover__inner-container is-layout-flow wp-block-cover-is-layout-flow\">\n<div class=\"wp-block-group\" style=\"padding-right:var(--wp--preset--spacing--30);padding-left:var(--wp--preset--spacing--30)\"><div class=\"wp-block-group__inner-container is-layout-flow wp-block-group-is-layout-flow\">\n<h1 class=\"wp-block-heading has-text-align-left has-neve-text-color-color has-text-color\"><\/h1>\n<\/div><\/div>\n<\/div><\/div>\n\n\n\n<div class=\"wp-block-cover alignfull\" style=\"padding-top:var(--wp--preset--spacing--80);padding-bottom:var(--wp--preset--spacing--80);min-height:600px;aspect-ratio:unset;\"><span aria-hidden=\"true\" class=\"wp-block-cover__background has-nv-light-bg-background-color has-background-dim-100 has-background-dim\"><\/span><div class=\"wp-block-cover__inner-container is-layout-flow wp-block-cover-is-layout-flow\">\n<div class=\"wp-block-group\"><div class=\"wp-block-group__inner-container is-layout-flow wp-block-group-is-layout-flow\">\n<div class=\"wp-block-columns are-vertically-aligned-center has-neve-text-color-color has-text-color is-layout-flex wp-container-core-columns-is-layout-9d6595d7 wp-block-columns-is-layout-flex\">\n<div class=\"wp-block-column is-vertically-aligned-center is-layout-flow wp-block-column-is-layout-flow\" style=\"padding-right:var(--wp--preset--spacing--30);padding-left:var(--wp--preset--spacing--30);flex-basis:50%\">\n<figure class=\"wp-block-image size-full\"><img loading=\"lazy\" decoding=\"async\" width=\"2560\" height=\"1707\" src=\"https:\/\/chnopfdruck.ch\/wp-content\/uploads\/2025\/02\/Patrick-Bodmer3014-scaled.jpg\" alt=\"\" class=\"wp-image-985\" srcset=\"https:\/\/chnopfdruck.ch\/wp-content\/uploads\/2025\/02\/Patrick-Bodmer3014-scaled.jpg 2560w, https:\/\/chnopfdruck.ch\/wp-content\/uploads\/2025\/02\/Patrick-Bodmer3014-300x200.jpg 300w, https:\/\/chnopfdruck.ch\/wp-content\/uploads\/2025\/02\/Patrick-Bodmer3014-1024x683.jpg 1024w, https:\/\/chnopfdruck.ch\/wp-content\/uploads\/2025\/02\/Patrick-Bodmer3014-768x512.jpg 768w, https:\/\/chnopfdruck.ch\/wp-content\/uploads\/2025\/02\/Patrick-Bodmer3014-1536x1024.jpg 1536w, https:\/\/chnopfdruck.ch\/wp-content\/uploads\/2025\/02\/Patrick-Bodmer3014-2048x1365.jpg 2048w, https:\/\/chnopfdruck.ch\/wp-content\/uploads\/2025\/02\/Patrick-Bodmer3014-930x620.jpg 930w\" sizes=\"auto, (max-width: 2560px) 100vw, 2560px\" \/><\/figure>\n<\/div>\n\n\n\n<div class=\"wp-block-column is-vertically-aligned-center is-layout-flow wp-block-column-is-layout-flow\" style=\"padding-top:0;padding-right:var(--wp--preset--spacing--30);padding-bottom:0;padding-left:var(--wp--preset--spacing--30);flex-basis:50%\">\n<h2 class=\"wp-block-heading has-neve-text-color-color has-text-color\">\u00dcber uns<\/h2>\n\n\n\n<p class=\"has-neve-text-color-color has-text-color\">Patrick Bodmer, Inhaber<\/p>\n\n\n\n<p>Ich bin Patrick Bodmer, Gr\u00fcnder und Inhaber von chnopfdruck. Mit Leidenschaft und Engagement habe ich die chnopfdruck GmbH im Jahr 2018 gegr\u00fcndet, um Menschen, insbesondere den \u00e4lteren Generationen, den Zugang zur digitalen Welt zu erleichtern, damit sie nicht den Anschluss verlieren. Daf\u00fcr bieten wir Unterst\u00fctzung bei jeglichen technischen Problemen, leisten zeitnah pers\u00f6nlichen Support vor Ort oder per Telefon und stellen hilfreiche, altersgerechte Produkte bereit.<\/p>\n\n\n\n<p class=\"has-neve-text-color-color has-text-color\">Wir haben es uns zur Aufgabe gemacht\/ Unsere Mission ist, dass Menschen in W\u00fcrde alt werden k\u00f6nnen. Dazu geh\u00f6rt auch, dass sie bis ins hohe Alter digital vernetzt bleiben k\u00f6nnen, sofern sie sich dies w\u00fcnschen, und nicht durch technische Barrieren daran gehindert werden. Damit einher geht auch, das Bewusstsein f\u00fcr digitale Sicherheit fr\u00fchzeitig zu sch\u00e4rfen, damit man auch im Alter digital agil bleiben kann. Dies schafft ein Gef\u00fchl von Unabh\u00e4ngigkeit, st\u00e4rkt das Selbstwertgef\u00fchl und beh\u00e4lt den Geist fit und flexibel, was f\u00fcr einen w\u00fcrdevollen Alterungsprozess unglaublich wichtig ist.<\/p>\n<\/div>\n<\/div>\n<\/div><\/div>\n<\/div><\/div>\n\n\n\n<div class=\"wp-block-cover alignfull\" style=\"padding-top:var(--wp--preset--spacing--80);padding-bottom:var(--wp--preset--spacing--80);min-height:600px;aspect-ratio:unset;\"><span aria-hidden=\"true\" class=\"wp-block-cover__background has-nv-light-bg-background-color has-background-dim-100 has-background-dim\"><\/span><div class=\"wp-block-cover__inner-container is-layout-flow wp-block-cover-is-layout-flow\">\n<div class=\"wp-block-group\"><div class=\"wp-block-group__inner-container is-layout-flow wp-block-group-is-layout-flow\">\n<div class=\"wp-block-columns is-layout-flex wp-container-core-columns-is-layout-9d6595d7 wp-block-columns-is-layout-flex\">\n<div class=\"wp-block-column is-layout-flow wp-block-column-is-layout-flow\" style=\"flex-basis:20%\">\n<div class=\"wp-block-group is-vertical is-content-justification-center is-layout-flex wp-container-core-group-is-layout-4b2eccd6 wp-block-group-is-layout-flex\"><\/div>\n<\/div>\n\n\n\n<div class=\"wp-block-column is-layout-flow wp-block-column-is-layout-flow\" style=\"flex-basis:60%\">\n<div class=\"wp-block-group is-vertical is-content-justification-center is-layout-flex wp-container-core-group-is-layout-4b2eccd6 wp-block-group-is-layout-flex\">\n<h2 class=\"wp-block-heading has-text-align-center has-neve-text-color-color has-text-color has-link-color wp-elements-3ab44b7de50894c25c90ece01e19d4ad\">Das Team von chnopfdruck<\/h2>\n\n\n\n<div style=\"height:0px\" aria-hidden=\"true\" class=\"wp-block-spacer wp-container-content-f9bd05ee\"><\/div>\n<\/div>\n<\/div>\n\n\n\n<div class=\"wp-block-column is-layout-flow wp-block-column-is-layout-flow\" style=\"flex-basis:20%\">\n<div class=\"wp-block-group is-vertical is-content-justification-center is-layout-flex wp-container-core-group-is-layout-4b2eccd6 wp-block-group-is-layout-flex\"><\/div>\n<\/div>\n<\/div>\n\n\n\n<div class=\"wp-block-columns is-layout-flex wp-container-core-columns-is-layout-9d6595d7 wp-block-columns-is-layout-flex\">\n<div class=\"wp-block-column is-layout-flow wp-block-column-is-layout-flow\" style=\"padding-right:var(--wp--preset--spacing--30);padding-left:var(--wp--preset--spacing--30)\"><div class=\"wp-block-image is-style-default\">\n<figure class=\"aligncenter size-full has-custom-border\"><img loading=\"lazy\" decoding=\"async\" width=\"2560\" height=\"1707\" src=\"https:\/\/chnopfdruck.ch\/wp-content\/uploads\/2025\/02\/Patrick-Bodmer3014-scaled.jpg\" alt=\"\" class=\"wp-image-985\" style=\"border-radius:16px\" srcset=\"https:\/\/chnopfdruck.ch\/wp-content\/uploads\/2025\/02\/Patrick-Bodmer3014-scaled.jpg 2560w, https:\/\/chnopfdruck.ch\/wp-content\/uploads\/2025\/02\/Patrick-Bodmer3014-300x200.jpg 300w, https:\/\/chnopfdruck.ch\/wp-content\/uploads\/2025\/02\/Patrick-Bodmer3014-1024x683.jpg 1024w, https:\/\/chnopfdruck.ch\/wp-content\/uploads\/2025\/02\/Patrick-Bodmer3014-768x512.jpg 768w, https:\/\/chnopfdruck.ch\/wp-content\/uploads\/2025\/02\/Patrick-Bodmer3014-1536x1024.jpg 1536w, https:\/\/chnopfdruck.ch\/wp-content\/uploads\/2025\/02\/Patrick-Bodmer3014-2048x1365.jpg 2048w, https:\/\/chnopfdruck.ch\/wp-content\/uploads\/2025\/02\/Patrick-Bodmer3014-930x620.jpg 930w\" sizes=\"auto, (max-width: 2560px) 100vw, 2560px\" \/><\/figure>\n<\/div>\n\n\n<div style=\"height:24px\" aria-hidden=\"true\" class=\"wp-block-spacer\"><\/div>\n\n\n\n<h3 class=\"wp-block-heading has-text-align-center has-neve-text-color-color has-text-color\">Patrick Bodmer<\/h3>\n\n\n\n<p class=\"has-text-align-center has-neve-text-color-color has-text-color\">Gesch\u00e4ftsleitung<\/p>\n\n\n\n<ul class=\"wp-block-social-links aligncenter has-icon-color has-icon-background-color is-layout-flex wp-block-social-links-is-layout-flex\"><li style=\"color:var(--nv-text-dark-bg);background-color:var(--nv-dark-bg);\" class=\"wp-social-link wp-social-link-facebook has-nv-text-dark-bg-color has-nv-dark-bg-background-color wp-block-social-link\"><a href=\"#\" class=\"wp-block-social-link-anchor\"><svg width=\"24\" height=\"24\" viewBox=\"0 0 24 24\" version=\"1.1\" xmlns=\"http:\/\/www.w3.org\/2000\/svg\" aria-hidden=\"true\" focusable=\"false\"><path d=\"M12 2C6.5 2 2 6.5 2 12c0 5 3.7 9.1 8.4 9.9v-7H7.9V12h2.5V9.8c0-2.5 1.5-3.9 3.8-3.9 1.1 0 2.2.2 2.2.2v2.5h-1.3c-1.2 0-1.6.8-1.6 1.6V12h2.8l-.4 2.9h-2.3v7C18.3 21.1 22 17 22 12c0-5.5-4.5-10-10-10z\"><\/path><\/svg><span class=\"wp-block-social-link-label screen-reader-text\">Facebook<\/span><\/a><\/li>\n\n<li style=\"color:var(--nv-text-dark-bg);background-color:var(--nv-dark-bg);\" class=\"wp-social-link wp-social-link-linkedin has-nv-text-dark-bg-color has-nv-dark-bg-background-color wp-block-social-link\"><a href=\"#\" class=\"wp-block-social-link-anchor\"><svg width=\"24\" height=\"24\" viewBox=\"0 0 24 24\" version=\"1.1\" xmlns=\"http:\/\/www.w3.org\/2000\/svg\" aria-hidden=\"true\" focusable=\"false\"><path d=\"M19.7,3H4.3C3.582,3,3,3.582,3,4.3v15.4C3,20.418,3.582,21,4.3,21h15.4c0.718,0,1.3-0.582,1.3-1.3V4.3 C21,3.582,20.418,3,19.7,3z M8.339,18.338H5.667v-8.59h2.672V18.338z M7.004,8.574c-0.857,0-1.549-0.694-1.549-1.548 c0-0.855,0.691-1.548,1.549-1.548c0.854,0,1.547,0.694,1.547,1.548C8.551,7.881,7.858,8.574,7.004,8.574z M18.339,18.338h-2.669 v-4.177c0-0.996-0.017-2.278-1.387-2.278c-1.389,0-1.601,1.086-1.601,2.206v4.249h-2.667v-8.59h2.559v1.174h0.037 c0.356-0.675,1.227-1.387,2.526-1.387c2.703,0,3.203,1.779,3.203,4.092V18.338z\"><\/path><\/svg><span class=\"wp-block-social-link-label screen-reader-text\">LinkedIn<\/span><\/a><\/li><\/ul>\n\n\n\n<div style=\"height:40px\" aria-hidden=\"true\" class=\"wp-block-spacer\"><\/div>\n<\/div>\n\n\n\n<div class=\"wp-block-column is-layout-flow wp-block-column-is-layout-flow\" style=\"padding-right:var(--wp--preset--spacing--30);padding-left:var(--wp--preset--spacing--30)\">\n<div style=\"height:24px\" aria-hidden=\"true\" class=\"wp-block-spacer\"><\/div>\n\n\n\n<div style=\"height:40px\" aria-hidden=\"true\" class=\"wp-block-spacer\"><\/div>\n<\/div>\n\n\n\n<div class=\"wp-block-column is-layout-flow wp-block-column-is-layout-flow\" style=\"padding-right:var(--wp--preset--spacing--30);padding-left:var(--wp--preset--spacing--30)\">\n<div style=\"height:24px\" aria-hidden=\"true\" class=\"wp-block-spacer\"><\/div>\n\n\n\n<div style=\"height:40px\" aria-hidden=\"true\" class=\"wp-block-spacer\"><\/div>\n<\/div>\n<\/div>\n<\/div><\/div>\n<\/div><\/div>\n","protected":false},"excerpt":{"rendered":"","protected":false},"author":1,"featured_media":0,"parent":0,"menu_order":0,"comment_status":"closed","ping_status":"closed","template":"","meta":{"neve_meta_sidebar":"default","neve_meta_container":"default","neve_meta_enable_content_width":"on","neve_meta_content_width":100,"neve_meta_title_alignment":"","neve_meta_author_avatar":"","neve_post_elements_order":"","neve_meta_disable_header":"","neve_meta_disable_footer":"","neve_meta_disable_title":"on","_themeisle_gutenberg_block_has_review":false,"footnotes":""},"class_list":["post-61","page","type-page","status-publish","hentry"],"yoast_head":"<!-- This site is optimized with the Yoast SEO plugin v27.4 - https:\/\/yoast.com\/product\/yoast-seo-wordpress\/ -->\n<title>\u00dcber uns - chnopfdruck<\/title>\n<meta name=\"robots\" content=\"index, follow, max-snippet:-1, max-image-preview:large, max-video-preview:-1\" \/>\n<link rel=\"canonical\" href=\"https:\/\/chnopfdruck.ch\/index.php\/ueberuns\/\" \/>\n<meta property=\"og:locale\" content=\"de_DE\" \/>\n<meta property=\"og:type\" content=\"article\" \/>\n<meta property=\"og:title\" content=\"\u00dcber uns - chnopfdruck\" \/>\n<meta property=\"og:url\" content=\"https:\/\/chnopfdruck.ch\/index.php\/ueberuns\/\" \/>\n<meta property=\"og:site_name\" content=\"chnopfdruck\" \/>\n<meta property=\"article:modified_time\" content=\"2025-05-08T09:23:12+00:00\" \/>\n<meta property=\"og:image\" content=\"https:\/\/chnopfdruck.ch\/wp-content\/uploads\/2025\/02\/Patrick-Bodmer3014-scaled.jpg\" \/>\n\t<meta property=\"og:image:width\" content=\"2560\" \/>\n\t<meta property=\"og:image:height\" content=\"1707\" \/>\n\t<meta property=\"og:image:type\" content=\"image\/jpeg\" \/>\n<meta name=\"twitter:card\" content=\"summary_large_image\" \/>\n<meta name=\"twitter:label1\" content=\"Gesch\u00e4tzte Lesezeit\" \/>\n\t<meta name=\"twitter:data1\" content=\"2\u00a0Minuten\" \/>\n<script type=\"application\/ld+json\" class=\"yoast-schema-graph\">{\"@context\":\"https:\\\/\\\/schema.org\",\"@graph\":[{\"@type\":\"WebPage\",\"@id\":\"https:\\\/\\\/chnopfdruck.ch\\\/index.php\\\/ueberuns\\\/\",\"url\":\"https:\\\/\\\/chnopfdruck.ch\\\/index.php\\\/ueberuns\\\/\",\"name\":\"\u00dcber uns - chnopfdruck\",\"isPartOf\":{\"@id\":\"https:\\\/\\\/chnopfdruck.ch\\\/#website\"},\"primaryImageOfPage\":{\"@id\":\"https:\\\/\\\/chnopfdruck.ch\\\/index.php\\\/ueberuns\\\/#primaryimage\"},\"image\":{\"@id\":\"https:\\\/\\\/chnopfdruck.ch\\\/index.php\\\/ueberuns\\\/#primaryimage\"},\"thumbnailUrl\":\"https:\\\/\\\/chnopfdruck.ch\\\/wp-content\\\/uploads\\\/2025\\\/02\\\/Patrick-Bodmer3014-scaled.jpg\",\"datePublished\":\"2020-01-23T18:21:52+00:00\",\"dateModified\":\"2025-05-08T09:23:12+00:00\",\"breadcrumb\":{\"@id\":\"https:\\\/\\\/chnopfdruck.ch\\\/index.php\\\/ueberuns\\\/#breadcrumb\"},\"inLanguage\":\"de\",\"potentialAction\":[{\"@type\":\"ReadAction\",\"target\":[\"https:\\\/\\\/chnopfdruck.ch\\\/index.php\\\/ueberuns\\\/\"]}]},{\"@type\":\"ImageObject\",\"inLanguage\":\"de\",\"@id\":\"https:\\\/\\\/chnopfdruck.ch\\\/index.php\\\/ueberuns\\\/#primaryimage\",\"url\":\"https:\\\/\\\/chnopfdruck.ch\\\/wp-content\\\/uploads\\\/2025\\\/02\\\/Patrick-Bodmer3014-scaled.jpg\",\"contentUrl\":\"https:\\\/\\\/chnopfdruck.ch\\\/wp-content\\\/uploads\\\/2025\\\/02\\\/Patrick-Bodmer3014-scaled.jpg\",\"width\":2560,\"height\":1707},{\"@type\":\"BreadcrumbList\",\"@id\":\"https:\\\/\\\/chnopfdruck.ch\\\/index.php\\\/ueberuns\\\/#breadcrumb\",\"itemListElement\":[{\"@type\":\"ListItem\",\"position\":1,\"name\":\"Startseite\",\"item\":\"https:\\\/\\\/chnopfdruck.ch\\\/\"},{\"@type\":\"ListItem\",\"position\":2,\"name\":\"\u00dcber uns\"}]},{\"@type\":\"WebSite\",\"@id\":\"https:\\\/\\\/chnopfdruck.ch\\\/#website\",\"url\":\"https:\\\/\\\/chnopfdruck.ch\\\/\",\"name\":\"chnopfdruck\",\"description\":\"\",\"publisher\":{\"@id\":\"https:\\\/\\\/chnopfdruck.ch\\\/#organization\"},\"potentialAction\":[{\"@type\":\"SearchAction\",\"target\":{\"@type\":\"EntryPoint\",\"urlTemplate\":\"https:\\\/\\\/chnopfdruck.ch\\\/?s={search_term_string}\"},\"query-input\":{\"@type\":\"PropertyValueSpecification\",\"valueRequired\":true,\"valueName\":\"search_term_string\"}}],\"inLanguage\":\"de\"},{\"@type\":\"Organization\",\"@id\":\"https:\\\/\\\/chnopfdruck.ch\\\/#organization\",\"name\":\"chnopfdruck\",\"url\":\"https:\\\/\\\/chnopfdruck.ch\\\/\",\"logo\":{\"@type\":\"ImageObject\",\"inLanguage\":\"de\",\"@id\":\"https:\\\/\\\/chnopfdruck.ch\\\/#\\\/schema\\\/logo\\\/image\\\/\",\"url\":\"https:\\\/\\\/chnopfdruck.ch\\\/wp-content\\\/uploads\\\/2025\\\/01\\\/Chnopfdruck_CMYK-scaled.jpg\",\"contentUrl\":\"https:\\\/\\\/chnopfdruck.ch\\\/wp-content\\\/uploads\\\/2025\\\/01\\\/Chnopfdruck_CMYK-scaled.jpg\",\"width\":2560,\"height\":533,\"caption\":\"chnopfdruck\"},\"image\":{\"@id\":\"https:\\\/\\\/chnopfdruck.ch\\\/#\\\/schema\\\/logo\\\/image\\\/\"}}]}<\/script>\n<!-- \/ Yoast SEO plugin. -->","yoast_head_json":{"title":"\u00dcber uns - chnopfdruck","robots":{"index":"index","follow":"follow","max-snippet":"max-snippet:-1","max-image-preview":"max-image-preview:large","max-video-preview":"max-video-preview:-1"},"canonical":"https:\/\/chnopfdruck.ch\/index.php\/ueberuns\/","og_locale":"de_DE","og_type":"article","og_title":"\u00dcber uns - chnopfdruck","og_url":"https:\/\/chnopfdruck.ch\/index.php\/ueberuns\/","og_site_name":"chnopfdruck","article_modified_time":"2025-05-08T09:23:12+00:00","og_image":[{"width":2560,"height":1707,"url":"https:\/\/chnopfdruck.ch\/wp-content\/uploads\/2025\/02\/Patrick-Bodmer3014-scaled.jpg","type":"image\/jpeg"}],"twitter_card":"summary_large_image","twitter_misc":{"Gesch\u00e4tzte Lesezeit":"2\u00a0Minuten"},"schema":{"@context":"https:\/\/schema.org","@graph":[{"@type":"WebPage","@id":"https:\/\/chnopfdruck.ch\/index.php\/ueberuns\/","url":"https:\/\/chnopfdruck.ch\/index.php\/ueberuns\/","name":"\u00dcber uns - chnopfdruck","isPartOf":{"@id":"https:\/\/chnopfdruck.ch\/#website"},"primaryImageOfPage":{"@id":"https:\/\/chnopfdruck.ch\/index.php\/ueberuns\/#primaryimage"},"image":{"@id":"https:\/\/chnopfdruck.ch\/index.php\/ueberuns\/#primaryimage"},"thumbnailUrl":"https:\/\/chnopfdruck.ch\/wp-content\/uploads\/2025\/02\/Patrick-Bodmer3014-scaled.jpg","datePublished":"2020-01-23T18:21:52+00:00","dateModified":"2025-05-08T09:23:12+00:00","breadcrumb":{"@id":"https:\/\/chnopfdruck.ch\/index.php\/ueberuns\/#breadcrumb"},"inLanguage":"de","potentialAction":[{"@type":"ReadAction","target":["https:\/\/chnopfdruck.ch\/index.php\/ueberuns\/"]}]},{"@type":"ImageObject","inLanguage":"de","@id":"https:\/\/chnopfdruck.ch\/index.php\/ueberuns\/#primaryimage","url":"https:\/\/chnopfdruck.ch\/wp-content\/uploads\/2025\/02\/Patrick-Bodmer3014-scaled.jpg","contentUrl":"https:\/\/chnopfdruck.ch\/wp-content\/uploads\/2025\/02\/Patrick-Bodmer3014-scaled.jpg","width":2560,"height":1707},{"@type":"BreadcrumbList","@id":"https:\/\/chnopfdruck.ch\/index.php\/ueberuns\/#breadcrumb","itemListElement":[{"@type":"ListItem","position":1,"name":"Startseite","item":"https:\/\/chnopfdruck.ch\/"},{"@type":"ListItem","position":2,"name":"\u00dcber uns"}]},{"@type":"WebSite","@id":"https:\/\/chnopfdruck.ch\/#website","url":"https:\/\/chnopfdruck.ch\/","name":"chnopfdruck","description":"","publisher":{"@id":"https:\/\/chnopfdruck.ch\/#organization"},"potentialAction":[{"@type":"SearchAction","target":{"@type":"EntryPoint","urlTemplate":"https:\/\/chnopfdruck.ch\/?s={search_term_string}"},"query-input":{"@type":"PropertyValueSpecification","valueRequired":true,"valueName":"search_term_string"}}],"inLanguage":"de"},{"@type":"Organization","@id":"https:\/\/chnopfdruck.ch\/#organization","name":"chnopfdruck","url":"https:\/\/chnopfdruck.ch\/","logo":{"@type":"ImageObject","inLanguage":"de","@id":"https:\/\/chnopfdruck.ch\/#\/schema\/logo\/image\/","url":"https:\/\/chnopfdruck.ch\/wp-content\/uploads\/2025\/01\/Chnopfdruck_CMYK-scaled.jpg","contentUrl":"https:\/\/chnopfdruck.ch\/wp-content\/uploads\/2025\/01\/Chnopfdruck_CMYK-scaled.jpg","width":2560,"height":533,"caption":"chnopfdruck"},"image":{"@id":"https:\/\/chnopfdruck.ch\/#\/schema\/logo\/image\/"}}]}},"_links":{"self":[{"href":"https:\/\/chnopfdruck.ch\/index.php\/wp-json\/wp\/v2\/pages\/61","targetHints":{"allow":["GET"]}}],"collection":[{"href":"https:\/\/chnopfdruck.ch\/index.php\/wp-json\/wp\/v2\/pages"}],"about":[{"href":"https:\/\/chnopfdruck.ch\/index.php\/wp-json\/wp\/v2\/types\/page"}],"author":[{"embeddable":true,"href":"https:\/\/chnopfdruck.ch\/index.php\/wp-json\/wp\/v2\/users\/1"}],"replies":[{"embeddable":true,"href":"https:\/\/chnopfdruck.ch\/index.php\/wp-json\/wp\/v2\/comments?post=61"}],"version-history":[{"count":6,"href":"https:\/\/chnopfdruck.ch\/index.php\/wp-json\/wp\/v2\/pages\/61\/revisions"}],"predecessor-version":[{"id":1070,"href":"https:\/\/chnopfdruck.ch\/index.php\/wp-json\/wp\/v2\/pages\/61\/revisions\/1070"}],"wp:attachment":[{"href":"https:\/\/chnopfdruck.ch\/index.php\/wp-json\/wp\/v2\/media?parent=61"}],"curies":[{"name":"wp","href":"https:\/\/api.w.org\/{rel}","templated":true}]}}