{"id":945,"date":"2020-01-13T11:17:52","date_gmt":"2020-01-13T11:17:52","guid":{"rendered":"https:\/\/demosites.io\/marketing-agency-gb\/?page_id=5"},"modified":"2025-11-26T16:16:37","modified_gmt":"2025-11-26T16:16:37","slug":"home","status":"publish","type":"page","link":"https:\/\/chnopfdruck.ch\/","title":{"rendered":"Home"},"content":{"rendered":"\n<p><\/p>\n\n\n\n<div class=\"wp-block-cover alignfull\" style=\"min-height:800px;aspect-ratio:unset;\"><img loading=\"lazy\" decoding=\"async\" width=\"1640\" height=\"922\" class=\"wp-block-cover__image-background wp-image-608\" alt=\"\" src=\"https:\/\/chnopfdruck.ch\/wp-content\/uploads\/2024\/05\/neve-hero-2.png\" style=\"object-position:50% 72%\" data-object-fit=\"cover\" data-object-position=\"50% 72%\" srcset=\"https:\/\/chnopfdruck.ch\/wp-content\/uploads\/2024\/05\/neve-hero-2.png 1640w, https:\/\/chnopfdruck.ch\/wp-content\/uploads\/2024\/05\/neve-hero-2-300x169.png 300w\" sizes=\"auto, (max-width: 1640px) 100vw, 1640px\" \/><span aria-hidden=\"true\" class=\"wp-block-cover__background has-background-dim-0 has-background-dim\"><\/span><div class=\"wp-block-cover__inner-container is-layout-flow wp-block-cover-is-layout-flow\">\n<div class=\"wp-block-columns are-vertically-aligned-center is-layout-flex wp-container-core-columns-is-layout-9d6595d7 wp-block-columns-is-layout-flex\">\n<div class=\"wp-block-column is-vertically-aligned-center is-layout-flow wp-block-column-is-layout-flow\" style=\"padding-right:var(--wp--preset--spacing--20);padding-left:var(--wp--preset--spacing--20);flex-basis:65%\">\n<div style=\"height:80px\" aria-hidden=\"true\" class=\"wp-block-spacer\"><\/div>\n\n\n\n<h1 class=\"wp-block-heading has-text-align-left has-nv-text-dark-bg-color has-text-color\">chnopfdruck<\/h1>\n\n\n\n<p class=\"has-text-align-left has-nv-text-dark-bg-color has-text-color\" style=\"font-size:19px\">Willkommen bei chnopfdruck \u2013 Ihrem Partner f\u00fcr Sicherheit und technische Unterst\u00fctzung<\/p>\n\n\n\n<p class=\"has-nv-site-bg-color has-text-color has-link-color wp-elements-9a4d4ce61da813fc3c6c819cbf8744ff\"><o-anim-typing>chnopfdruck bietet technische L\u00f6sungen und Support bei digitalen und elektronischen Ger\u00e4ten aller Art. Mit uns k\u00f6nnen Sie sich entspannt zur\u00fccklehnen, denn wir k\u00fcmmern uns um all Ihre technischen Anliegen und sorgen daf\u00fcr, dass alles reibungslos abl\u00e4uft, von der Beratung bis zur Installation, Inbetriebnahme und Wartung Ihrer digitalen und elektronischen Ger\u00e4ten.<\/o-anim-typing><\/p>\n\n\n\n<p class=\"has-text-align-left has-nv-text-dark-bg-color has-text-color\" style=\"font-size:19px\">Unser Fokus liegt darauf, innovative Produkte zu bereitzustellen, die das Leben gerade von \u00e4lteren Menschen erleichtern und sch\u00fctzen. Wir vertreiben hochwertige Notrufuhren, die f\u00fcr ihre Zuverl\u00e4ssigkeit und einfache Handhabung bekannt sind. Unsere Notrufuhren erm\u00f6glichen \u00e4lteren Menschen ein selbstbestimmtes Leben in ihrem vertrauten Zuhause \u2013 so lange wie m\u00f6glich und mit gr\u00f6\u00dftm\u00f6glicher Sicherheit.<\/p>\n\n\n\n<div class=\"wp-block-buttons is-horizontal is-content-justification-left is-layout-flex wp-container-core-buttons-is-layout-7e5fce0a wp-block-buttons-is-layout-flex\">\n<div class=\"wp-block-button is-style-primary\"><a class=\"wp-block-button__link has-text-color has-background has-link-color wp-element-button\" href=\"https:\/\/chnopfdruck.ch\/about-us\/\" style=\"color:#0a2279;background-color:#ffffff\">\u00dcber uns<\/a><\/div>\n\n\n\n<div class=\"wp-block-button is-style-secondary\"><a class=\"wp-block-button__link has-nv-text-dark-bg-color has-text-color has-link-color wp-element-button\" href=\"https:\/\/www.shop.chnopfdruck.ch\" target=\"_blank\" rel=\"noreferrer noopener\">Shop<\/a><\/div>\n<\/div>\n\n\n\n<div style=\"height:100px\" aria-hidden=\"true\" class=\"wp-block-spacer\"><\/div>\n<\/div>\n\n\n\n<div class=\"wp-block-column is-vertically-aligned-center is-layout-flow wp-block-column-is-layout-flow\">\n<figure class=\"wp-block-image size-full\"><img loading=\"lazy\" decoding=\"async\" width=\"1020\" height=\"1458\" src=\"https:\/\/chnopfdruck.ch\/wp-content\/uploads\/2024\/05\/person-hero-2.png\" alt=\"\" class=\"wp-image-868\" srcset=\"https:\/\/chnopfdruck.ch\/wp-content\/uploads\/2024\/05\/person-hero-2.png 1020w, https:\/\/chnopfdruck.ch\/wp-content\/uploads\/2024\/05\/person-hero-2-210x300.png 210w\" sizes=\"auto, (max-width: 1020px) 100vw, 1020px\" \/><\/figure>\n<\/div>\n<\/div>\n<\/div><\/div>\n\n\n\n<div class=\"wp-block-group\" style=\"padding-top:var(--wp--preset--spacing--50);padding-bottom:var(--wp--preset--spacing--50)\"><div class=\"wp-block-group__inner-container is-layout-constrained wp-block-group-is-layout-constrained\">\n<div class=\"wp-block-columns is-layout-flex wp-container-core-columns-is-layout-9d6595d7 wp-block-columns-is-layout-flex\">\n<div class=\"wp-block-column neve-duotone is-layout-flow wp-block-column-is-layout-flow\" style=\"padding-right:var(--wp--preset--spacing--30);padding-left:var(--wp--preset--spacing--30)\"><div class=\"wp-block-image icon-style is-style-default wp-duotone-unset-1\">\n<figure class=\"aligncenter size-full has-custom-border\"><img loading=\"lazy\" decoding=\"async\" width=\"60\" height=\"60\" src=\"https:\/\/chnopfdruck.ch\/wp-content\/uploads\/2024\/07\/neve-marketing-icon-8.1.png\" alt=\"\" class=\"wp-image-937\" style=\"border-radius:0px\" title=\"\"\/><\/figure>\n<\/div>\n\n\n<div style=\"height:16px\" aria-hidden=\"true\" class=\"wp-block-spacer\"><\/div>\n\n\n\n<h3 class=\"wp-block-heading has-text-align-center has-neve-text-color-color has-text-color\">Notrufuhren<\/h3>\n\n\n\n<p class=\"has-text-align-center\">Unsere Notrufuhren geben Sicherheit und Freiheit zur\u00fcck f\u00fcr Sie und Ihre Angeh\u00f6rigen &#8211; erkunden Sie hier die neusten Modelle<\/p>\n<\/div>\n\n\n\n<div class=\"wp-block-column is-layout-flow wp-block-column-is-layout-flow\" style=\"padding-right:var(--wp--preset--spacing--30);padding-left:var(--wp--preset--spacing--30)\"><div class=\"wp-block-image icon-style is-style-default\">\n<figure class=\"aligncenter size-full has-custom-border\"><img loading=\"lazy\" decoding=\"async\" width=\"60\" height=\"60\" src=\"https:\/\/chnopfdruck.ch\/wp-content\/uploads\/2024\/07\/neve-marketing-icon-4.1.png\" alt=\"\" class=\"wp-image-933\" style=\"border-radius:0px\" title=\"\"\/><\/figure>\n<\/div>\n\n\n<div style=\"height:16px\" aria-hidden=\"true\" class=\"wp-block-spacer\"><\/div>\n\n\n\n<h3 class=\"wp-block-heading has-text-align-center has-neve-text-color-color has-text-color\">Uhren-Shop<\/h3>\n\n\n\n<p class=\"has-text-align-center\">Bestellen Sie Ihre Notrufuhr mit Zubeh\u00f6r ganz bequem von Zuhause aus in unserem Webshop<\/p>\n<\/div>\n\n\n\n<div class=\"wp-block-column is-layout-flow wp-block-column-is-layout-flow\" style=\"padding-right:var(--wp--preset--spacing--30);padding-left:var(--wp--preset--spacing--30)\"><div class=\"wp-block-image icon-style is-style-default wp-duotone-unset-2\">\n<figure class=\"aligncenter size-full has-custom-border\"><img loading=\"lazy\" decoding=\"async\" width=\"60\" height=\"60\" src=\"https:\/\/chnopfdruck.ch\/wp-content\/uploads\/2024\/07\/neve-marketing-icon-10.png\" alt=\"\" class=\"wp-image-936\" style=\"border-radius:0px\" title=\"\"\/><\/figure>\n<\/div>\n\n\n<div style=\"height:16px\" aria-hidden=\"true\" class=\"wp-block-spacer\"><\/div>\n\n\n\n<h3 class=\"wp-block-heading has-text-align-center has-neve-text-color-color has-text-color\">Achtung Betrug!<\/h3>\n\n\n\n<p class=\"has-text-align-center\">Bleiben Sie informiert \u00fcber die aktuellsten Betrugsmaschen und sch\u00fctzen Sie sich mit unseren Tipps &amp; Tricks<\/p>\n<\/div>\n\n\n\n<div class=\"wp-block-column is-layout-flow wp-block-column-is-layout-flow\" style=\"padding-right:var(--wp--preset--spacing--30);padding-left:var(--wp--preset--spacing--30)\"><div class=\"wp-block-image icon-style is-style-default wp-duotone-unset-3\">\n<figure class=\"aligncenter size-full has-custom-border\"><img loading=\"lazy\" decoding=\"async\" width=\"60\" height=\"60\" src=\"https:\/\/chnopfdruck.ch\/wp-content\/uploads\/2024\/07\/neve-marketing-icon-9.png\" alt=\"\" class=\"wp-image-935\" style=\"border-radius:0px\" title=\"\"\/><\/figure>\n<\/div>\n\n\n<div style=\"height:16px\" aria-hidden=\"true\" class=\"wp-block-spacer\"><\/div>\n\n\n\n<h3 class=\"wp-block-heading has-text-align-center has-neve-text-color-color has-text-color\">Dienstleistungen<\/h3>\n\n\n\n<p class=\"has-text-align-center\">Technische Hilfe bei allen m\u00f6glichen Problemen mit digitalen und elektronischen Ger\u00e4ten<\/p>\n<\/div>\n<\/div>\n<\/div><\/div>\n\n\n\n<div class=\"wp-block-cover alignfull has-neve-text-color-color has-text-color has-link-color wp-elements-4ca1bf1eba6b7a0c5909314202711b33\" style=\"padding-top:var(--wp--preset--spacing--80);padding-bottom:var(--wp--preset--spacing--80);min-height:600px;aspect-ratio:unset;\"><span aria-hidden=\"true\" class=\"wp-block-cover__background has-nv-light-bg-background-color has-background-dim-80 has-background-dim\"><\/span><div class=\"wp-block-cover__inner-container is-layout-flow wp-block-cover-is-layout-flow\">\n<div class=\"wp-block-group\"><div class=\"wp-block-group__inner-container is-layout-flow wp-block-group-is-layout-flow\">\n<div style=\"height:80px\" aria-hidden=\"true\" class=\"wp-block-spacer\"><\/div>\n\n\n\n<div class=\"wp-block-columns is-layout-flex wp-container-core-columns-is-layout-9d6595d7 wp-block-columns-is-layout-flex\">\n<div class=\"wp-block-column is-layout-flow wp-block-column-is-layout-flow\" style=\"padding-right:0;padding-left:0;flex-basis:20%\">\n<div class=\"wp-block-group is-vertical is-content-justification-center is-layout-flex wp-container-core-group-is-layout-4b2eccd6 wp-block-group-is-layout-flex\"><\/div>\n<\/div>\n\n\n\n<div class=\"wp-block-column is-layout-flow wp-block-column-is-layout-flow\" style=\"flex-basis:60%\">\n<div class=\"wp-block-group is-vertical is-content-justification-center is-layout-flex wp-container-core-group-is-layout-4b2eccd6 wp-block-group-is-layout-flex\">\n<h2 class=\"wp-block-heading has-text-align-center has-neve-text-color-color has-text-color has-link-color wp-elements-4eff531f2d801919b9e3ffa043bedf28\">Notrufuhren<\/h2>\n\n\n\n<p class=\"has-text-align-center has-neve-text-color-color has-text-color has-link-color wp-elements-f4a0af7caaa94dc81c063368f9a5eca5\">Geben Sicherheit und Freiheit<\/p>\n\n\n\n<div style=\"height:0px\" aria-hidden=\"true\" class=\"wp-block-spacer wp-container-content-541a6b20\"><\/div>\n<\/div>\n<\/div>\n\n\n\n<div class=\"wp-block-column is-layout-flow wp-block-column-is-layout-flow\" style=\"flex-basis:20%\">\n<div class=\"wp-block-group is-vertical is-content-justification-center is-layout-flex wp-container-core-group-is-layout-4b2eccd6 wp-block-group-is-layout-flex\"><\/div>\n<\/div>\n<\/div>\n\n\n\n<div class=\"wp-block-columns are-vertically-aligned-center is-layout-flex wp-container-core-columns-is-layout-9d6595d7 wp-block-columns-is-layout-flex\">\n<div class=\"wp-block-column is-vertically-aligned-center is-layout-flow wp-block-column-is-layout-flow\" style=\"padding-right:var(--wp--preset--spacing--30);padding-left:var(--wp--preset--spacing--30);flex-basis:50%\">\n<figure class=\"wp-block-image size-full has-custom-border\"><img loading=\"lazy\" decoding=\"async\" width=\"1134\" height=\"1200\" src=\"https:\/\/chnopfdruck.ch\/wp-content\/uploads\/2025\/02\/GalaxyG6_graphite_digitalClock-1.png\" alt=\"\" class=\"wp-image-1009\" style=\"border-radius:16px\" srcset=\"https:\/\/chnopfdruck.ch\/wp-content\/uploads\/2025\/02\/GalaxyG6_graphite_digitalClock-1.png 1134w, https:\/\/chnopfdruck.ch\/wp-content\/uploads\/2025\/02\/GalaxyG6_graphite_digitalClock-1-284x300.png 284w, https:\/\/chnopfdruck.ch\/wp-content\/uploads\/2025\/02\/GalaxyG6_graphite_digitalClock-1-968x1024.png 968w, https:\/\/chnopfdruck.ch\/wp-content\/uploads\/2025\/02\/GalaxyG6_graphite_digitalClock-1-768x813.png 768w\" sizes=\"auto, (max-width: 1134px) 100vw, 1134px\" \/><\/figure>\n\n\n\n<div style=\"height:24px\" aria-hidden=\"true\" class=\"wp-block-spacer\"><\/div>\n\n\n\n<h3 class=\"wp-block-heading has-text-align-left has-neve-text-color-color has-text-color\">Galaxy G6<\/h3>\n\n\n\n<p>Die Galaxy G6 kombiniert die pr\u00e4zise Samsung-Verarbeitung mit der zuverl\u00e4ssigen Notruftechnologie von JAMES. Basierend auf der<strong>&nbsp;Samsung Galaxy Watch6<\/strong>&nbsp;gibt es sie in&nbsp;<strong>2 Gr\u00f6\u00dfen (\u00d8 40 mm\/44 mm)<\/strong>.  Das schlanke Design steht f\u00fcr hohen Tragekomfort und Qualit\u00e4tsanspruch.<\/p>\n\n\n\n<div class=\"wp-block-buttons is-layout-flex wp-block-buttons-is-layout-flex\">\n<div class=\"wp-block-button is-style-primary\"><a class=\"wp-block-button__link wp-element-button\" href=\"http:\/\/www.shop.chnopfdruck.ch\" target=\"_blank\" rel=\"noreferrer noopener\">zum Shop<\/a><\/div>\n<\/div>\n<\/div>\n\n\n\n<div class=\"wp-block-column is-vertically-aligned-center is-layout-flow wp-block-column-is-layout-flow\" style=\"padding-right:var(--wp--preset--spacing--30);padding-left:var(--wp--preset--spacing--30);flex-basis:50%\">\n<figure class=\"wp-block-image size-full has-custom-border\"><img loading=\"lazy\" decoding=\"async\" width=\"2930\" height=\"2930\" src=\"https:\/\/chnopfdruck.ch\/wp-content\/uploads\/2025\/02\/B8pro_left_white-1.png\" alt=\"\" class=\"wp-image-1010\" style=\"border-radius:16px\" srcset=\"https:\/\/chnopfdruck.ch\/wp-content\/uploads\/2025\/02\/B8pro_left_white-1.png 2930w, https:\/\/chnopfdruck.ch\/wp-content\/uploads\/2025\/02\/B8pro_left_white-1-300x300.png 300w, https:\/\/chnopfdruck.ch\/wp-content\/uploads\/2025\/02\/B8pro_left_white-1-1024x1024.png 1024w, https:\/\/chnopfdruck.ch\/wp-content\/uploads\/2025\/02\/B8pro_left_white-1-150x150.png 150w, https:\/\/chnopfdruck.ch\/wp-content\/uploads\/2025\/02\/B8pro_left_white-1-768x768.png 768w, https:\/\/chnopfdruck.ch\/wp-content\/uploads\/2025\/02\/B8pro_left_white-1-1536x1536.png 1536w, https:\/\/chnopfdruck.ch\/wp-content\/uploads\/2025\/02\/B8pro_left_white-1-2048x2048.png 2048w\" sizes=\"auto, (max-width: 2930px) 100vw, 2930px\" \/><\/figure>\n\n\n\n<div style=\"height:24px\" aria-hidden=\"true\" class=\"wp-block-spacer\"><\/div>\n\n\n\n<h3 class=\"wp-block-heading has-text-align-left has-neve-text-color-color has-text-color\">Notrufuhr B8<\/h3>\n\n\n\n<p>Neben einem<strong>&nbsp;Schrittz\u00e4hler&nbsp;<\/strong>bietet sie Gesundheitsfunktionen, wie die Messung von<strong>&nbsp;Puls, Blutdruck, Temperatur und Blutsauerstoffs\u00e4ttigung<\/strong>.&nbsp;<\/p>\n\n\n\n<div class=\"wp-block-buttons is-layout-flex wp-block-buttons-is-layout-flex\">\n<div class=\"wp-block-button is-style-primary\"><a class=\"wp-block-button__link wp-element-button\" href=\"https:\/\/www.shop.chnopfdruck.ch\/de\/page\/Notrufuhren\">Mehr Infos<\/a><\/div>\n<\/div>\n<\/div>\n<\/div>\n<\/div><\/div>\n<\/div><\/div>\n\n\n\n<div class=\"wp-block-cover alignfull\" style=\"padding-top:var(--wp--preset--spacing--80);padding-bottom:var(--wp--preset--spacing--80);min-height:300px;aspect-ratio:unset;\"><span aria-hidden=\"true\" class=\"wp-block-cover__background has-neve-link-color-background-color has-background-dim-100 has-background-dim\"><\/span><div class=\"wp-block-cover__inner-container is-layout-flow wp-block-cover-is-layout-flow\">\n<div class=\"wp-block-columns is-layout-flex wp-container-core-columns-is-layout-9d6595d7 wp-block-columns-is-layout-flex\">\n<div class=\"wp-block-column is-layout-flow wp-block-column-is-layout-flow\" style=\"flex-basis:20%\"><\/div>\n\n\n\n<div class=\"wp-block-column is-layout-flow wp-block-column-is-layout-flow\" style=\"flex-basis:60%\">\n<div class=\"wp-block-group\"><div class=\"wp-block-group__inner-container is-layout-constrained wp-block-group-is-layout-constrained\">\n<h2 class=\"wp-block-heading has-text-align-center has-nv-text-dark-bg-color has-text-color\">Notrufuhr &#8211; F\u00fcr mehr Sicherheit und Unabh\u00e4ngigkeit im Alter<\/h2>\n\n\n\n<p class=\"has-text-align-center has-nv-text-dark-bg-color has-text-color has-link-color wp-elements-3ea99ed6380298896975b0c43e28f500\">Schenken Sie sich und Ihren Angeh\u00f6rigen mehr Sicherheit und Freiheit und bestellen Sie noch heute Ihre neue Notrufuhr. Gerne beraten wir Sie \u00fcber die neusten Modelle und installieren Sie mit Ihnen<\/p>\n<\/div><\/div>\n<\/div>\n\n\n\n<div class=\"wp-block-column is-layout-flow wp-block-column-is-layout-flow\" style=\"flex-basis:20%\"><\/div>\n<\/div>\n<\/div><\/div>\n","protected":false},"excerpt":{"rendered":"<p>Notrufuhren Unsere Notrufuhren geben Sicherheit und Freiheit zur\u00fcck f\u00fcr Sie und Ihre Angeh\u00f6rigen &#8211; erkunden Sie hier die neusten Modelle Uhren-Shop Bestellen Sie Ihre Notrufuhr mit Zubeh\u00f6r ganz bequem von Zuhause aus in unserem Webshop Achtung Betrug! Bleiben Sie informiert \u00fcber die aktuellsten Betrugsmaschen und sch\u00fctzen Sie sich mit unseren Tipps &amp; Tricks Dienstleistungen Technische&hellip;&nbsp;<a href=\"https:\/\/chnopfdruck.ch\/\" rel=\"bookmark\">Weiterlesen &raquo;<span class=\"screen-reader-text\">Home<\/span><\/a><\/p>\n","protected":false},"author":1,"featured_media":0,"parent":0,"menu_order":0,"comment_status":"closed","ping_status":"closed","template":"","meta":{"neve_meta_sidebar":"default","neve_meta_container":"default","neve_meta_enable_content_width":"on","neve_meta_content_width":100,"neve_meta_title_alignment":"","neve_meta_author_avatar":"","neve_post_elements_order":"","neve_meta_disable_header":"","neve_meta_disable_footer":"","neve_meta_disable_title":"on","_themeisle_gutenberg_block_has_review":false,"footnotes":""},"class_list":["post-945","page","type-page","status-publish","hentry"],"yoast_head":"<!-- This site is optimized with the Yoast SEO plugin v27.4 - https:\/\/yoast.com\/product\/yoast-seo-wordpress\/ -->\n<title>Home - chnopfdruck<\/title>\n<meta name=\"description\" content=\"Wir sind ihr Ansprechpartner f\u00fcr Notrufuhren und ihren Digitalen anliegen. Verkauf, Support, Installation-Service.\" \/>\n<meta name=\"robots\" content=\"index, follow, max-snippet:-1, max-image-preview:large, max-video-preview:-1\" \/>\n<link rel=\"canonical\" href=\"https:\/\/chnopfdruck.ch\/\" \/>\n<meta property=\"og:locale\" content=\"de_DE\" \/>\n<meta property=\"og:type\" content=\"article\" \/>\n<meta property=\"og:title\" content=\"Home - chnopfdruck\" \/>\n<meta property=\"og:description\" content=\"Wir sind ihr Ansprechpartner f\u00fcr Notrufuhren und ihren Digitalen anliegen. Verkauf, Support, Installation-Service.\" \/>\n<meta property=\"og:url\" content=\"https:\/\/chnopfdruck.ch\/\" \/>\n<meta property=\"og:site_name\" content=\"chnopfdruck\" \/>\n<meta property=\"article:modified_time\" content=\"2025-11-26T16:16:37+00:00\" \/>\n<meta property=\"og:image\" content=\"https:\/\/chnopfdruck.ch\/wp-content\/uploads\/2024\/05\/neve-hero-2.png\" \/>\n\t<meta property=\"og:image:width\" content=\"1640\" \/>\n\t<meta property=\"og:image:height\" content=\"922\" \/>\n\t<meta property=\"og:image:type\" content=\"image\/png\" \/>\n<meta name=\"twitter:card\" content=\"summary_large_image\" \/>\n<meta name=\"twitter:label1\" content=\"Gesch\u00e4tzte Lesezeit\" \/>\n\t<meta name=\"twitter:data1\" content=\"4\u00a0Minuten\" \/>\n<script type=\"application\/ld+json\" class=\"yoast-schema-graph\">{\"@context\":\"https:\\\/\\\/schema.org\",\"@graph\":[{\"@type\":\"WebPage\",\"@id\":\"https:\\\/\\\/chnopfdruck.ch\\\/\",\"url\":\"https:\\\/\\\/chnopfdruck.ch\\\/\",\"name\":\"Home - chnopfdruck\",\"isPartOf\":{\"@id\":\"https:\\\/\\\/chnopfdruck.ch\\\/#website\"},\"primaryImageOfPage\":{\"@id\":\"https:\\\/\\\/chnopfdruck.ch\\\/#primaryimage\"},\"image\":{\"@id\":\"https:\\\/\\\/chnopfdruck.ch\\\/#primaryimage\"},\"thumbnailUrl\":\"https:\\\/\\\/chnopfdruck.ch\\\/wp-content\\\/uploads\\\/2024\\\/05\\\/neve-hero-2.png\",\"datePublished\":\"2020-01-13T11:17:52+00:00\",\"dateModified\":\"2025-11-26T16:16:37+00:00\",\"description\":\"Wir sind ihr Ansprechpartner f\u00fcr Notrufuhren und ihren Digitalen anliegen. Verkauf, Support, Installation-Service.\",\"breadcrumb\":{\"@id\":\"https:\\\/\\\/chnopfdruck.ch\\\/#breadcrumb\"},\"inLanguage\":\"de\",\"potentialAction\":[{\"@type\":\"ReadAction\",\"target\":[\"https:\\\/\\\/chnopfdruck.ch\\\/\"]}]},{\"@type\":\"ImageObject\",\"inLanguage\":\"de\",\"@id\":\"https:\\\/\\\/chnopfdruck.ch\\\/#primaryimage\",\"url\":\"https:\\\/\\\/chnopfdruck.ch\\\/wp-content\\\/uploads\\\/2024\\\/05\\\/neve-hero-2.png\",\"contentUrl\":\"https:\\\/\\\/chnopfdruck.ch\\\/wp-content\\\/uploads\\\/2024\\\/05\\\/neve-hero-2.png\",\"width\":1640,\"height\":922},{\"@type\":\"BreadcrumbList\",\"@id\":\"https:\\\/\\\/chnopfdruck.ch\\\/#breadcrumb\",\"itemListElement\":[{\"@type\":\"ListItem\",\"position\":1,\"name\":\"Startseite\",\"item\":\"https:\\\/\\\/chnopfdruck.ch\\\/\"},{\"@type\":\"ListItem\",\"position\":2,\"name\":\"Home\"}]},{\"@type\":\"WebSite\",\"@id\":\"https:\\\/\\\/chnopfdruck.ch\\\/#website\",\"url\":\"https:\\\/\\\/chnopfdruck.ch\\\/\",\"name\":\"chnopfdruck\",\"description\":\"\",\"publisher\":{\"@id\":\"https:\\\/\\\/chnopfdruck.ch\\\/#organization\"},\"potentialAction\":[{\"@type\":\"SearchAction\",\"target\":{\"@type\":\"EntryPoint\",\"urlTemplate\":\"https:\\\/\\\/chnopfdruck.ch\\\/?s={search_term_string}\"},\"query-input\":{\"@type\":\"PropertyValueSpecification\",\"valueRequired\":true,\"valueName\":\"search_term_string\"}}],\"inLanguage\":\"de\"},{\"@type\":\"Organization\",\"@id\":\"https:\\\/\\\/chnopfdruck.ch\\\/#organization\",\"name\":\"chnopfdruck\",\"url\":\"https:\\\/\\\/chnopfdruck.ch\\\/\",\"logo\":{\"@type\":\"ImageObject\",\"inLanguage\":\"de\",\"@id\":\"https:\\\/\\\/chnopfdruck.ch\\\/#\\\/schema\\\/logo\\\/image\\\/\",\"url\":\"https:\\\/\\\/chnopfdruck.ch\\\/wp-content\\\/uploads\\\/2025\\\/01\\\/Chnopfdruck_CMYK-scaled.jpg\",\"contentUrl\":\"https:\\\/\\\/chnopfdruck.ch\\\/wp-content\\\/uploads\\\/2025\\\/01\\\/Chnopfdruck_CMYK-scaled.jpg\",\"width\":2560,\"height\":533,\"caption\":\"chnopfdruck\"},\"image\":{\"@id\":\"https:\\\/\\\/chnopfdruck.ch\\\/#\\\/schema\\\/logo\\\/image\\\/\"}}]}<\/script>\n<!-- \/ Yoast SEO plugin. -->","yoast_head_json":{"title":"Home - chnopfdruck","description":"Wir sind ihr Ansprechpartner f\u00fcr Notrufuhren und ihren Digitalen anliegen. Verkauf, Support, Installation-Service.","robots":{"index":"index","follow":"follow","max-snippet":"max-snippet:-1","max-image-preview":"max-image-preview:large","max-video-preview":"max-video-preview:-1"},"canonical":"https:\/\/chnopfdruck.ch\/","og_locale":"de_DE","og_type":"article","og_title":"Home - chnopfdruck","og_description":"Wir sind ihr Ansprechpartner f\u00fcr Notrufuhren und ihren Digitalen anliegen. Verkauf, Support, Installation-Service.","og_url":"https:\/\/chnopfdruck.ch\/","og_site_name":"chnopfdruck","article_modified_time":"2025-11-26T16:16:37+00:00","og_image":[{"width":1640,"height":922,"url":"https:\/\/chnopfdruck.ch\/wp-content\/uploads\/2024\/05\/neve-hero-2.png","type":"image\/png"}],"twitter_card":"summary_large_image","twitter_misc":{"Gesch\u00e4tzte Lesezeit":"4\u00a0Minuten"},"schema":{"@context":"https:\/\/schema.org","@graph":[{"@type":"WebPage","@id":"https:\/\/chnopfdruck.ch\/","url":"https:\/\/chnopfdruck.ch\/","name":"Home - chnopfdruck","isPartOf":{"@id":"https:\/\/chnopfdruck.ch\/#website"},"primaryImageOfPage":{"@id":"https:\/\/chnopfdruck.ch\/#primaryimage"},"image":{"@id":"https:\/\/chnopfdruck.ch\/#primaryimage"},"thumbnailUrl":"https:\/\/chnopfdruck.ch\/wp-content\/uploads\/2024\/05\/neve-hero-2.png","datePublished":"2020-01-13T11:17:52+00:00","dateModified":"2025-11-26T16:16:37+00:00","description":"Wir sind ihr Ansprechpartner f\u00fcr Notrufuhren und ihren Digitalen anliegen. Verkauf, Support, Installation-Service.","breadcrumb":{"@id":"https:\/\/chnopfdruck.ch\/#breadcrumb"},"inLanguage":"de","potentialAction":[{"@type":"ReadAction","target":["https:\/\/chnopfdruck.ch\/"]}]},{"@type":"ImageObject","inLanguage":"de","@id":"https:\/\/chnopfdruck.ch\/#primaryimage","url":"https:\/\/chnopfdruck.ch\/wp-content\/uploads\/2024\/05\/neve-hero-2.png","contentUrl":"https:\/\/chnopfdruck.ch\/wp-content\/uploads\/2024\/05\/neve-hero-2.png","width":1640,"height":922},{"@type":"BreadcrumbList","@id":"https:\/\/chnopfdruck.ch\/#breadcrumb","itemListElement":[{"@type":"ListItem","position":1,"name":"Startseite","item":"https:\/\/chnopfdruck.ch\/"},{"@type":"ListItem","position":2,"name":"Home"}]},{"@type":"WebSite","@id":"https:\/\/chnopfdruck.ch\/#website","url":"https:\/\/chnopfdruck.ch\/","name":"chnopfdruck","description":"","publisher":{"@id":"https:\/\/chnopfdruck.ch\/#organization"},"potentialAction":[{"@type":"SearchAction","target":{"@type":"EntryPoint","urlTemplate":"https:\/\/chnopfdruck.ch\/?s={search_term_string}"},"query-input":{"@type":"PropertyValueSpecification","valueRequired":true,"valueName":"search_term_string"}}],"inLanguage":"de"},{"@type":"Organization","@id":"https:\/\/chnopfdruck.ch\/#organization","name":"chnopfdruck","url":"https:\/\/chnopfdruck.ch\/","logo":{"@type":"ImageObject","inLanguage":"de","@id":"https:\/\/chnopfdruck.ch\/#\/schema\/logo\/image\/","url":"https:\/\/chnopfdruck.ch\/wp-content\/uploads\/2025\/01\/Chnopfdruck_CMYK-scaled.jpg","contentUrl":"https:\/\/chnopfdruck.ch\/wp-content\/uploads\/2025\/01\/Chnopfdruck_CMYK-scaled.jpg","width":2560,"height":533,"caption":"chnopfdruck"},"image":{"@id":"https:\/\/chnopfdruck.ch\/#\/schema\/logo\/image\/"}}]}},"_links":{"self":[{"href":"https:\/\/chnopfdruck.ch\/index.php\/wp-json\/wp\/v2\/pages\/945","targetHints":{"allow":["GET"]}}],"collection":[{"href":"https:\/\/chnopfdruck.ch\/index.php\/wp-json\/wp\/v2\/pages"}],"about":[{"href":"https:\/\/chnopfdruck.ch\/index.php\/wp-json\/wp\/v2\/types\/page"}],"author":[{"embeddable":true,"href":"https:\/\/chnopfdruck.ch\/index.php\/wp-json\/wp\/v2\/users\/1"}],"replies":[{"embeddable":true,"href":"https:\/\/chnopfdruck.ch\/index.php\/wp-json\/wp\/v2\/comments?post=945"}],"version-history":[{"count":16,"href":"https:\/\/chnopfdruck.ch\/index.php\/wp-json\/wp\/v2\/pages\/945\/revisions"}],"predecessor-version":[{"id":1076,"href":"https:\/\/chnopfdruck.ch\/index.php\/wp-json\/wp\/v2\/pages\/945\/revisions\/1076"}],"wp:attachment":[{"href":"https:\/\/chnopfdruck.ch\/index.php\/wp-json\/wp\/v2\/media?parent=945"}],"curies":[{"name":"wp","href":"https:\/\/api.w.org\/{rel}","templated":true}]}}